{"id":60,"date":"2023-07-26T14:37:44","date_gmt":"2023-07-26T14:37:44","guid":{"rendered":"https:\/\/globalcardine.com\/?page_id=60"},"modified":"2023-07-28T21:16:57","modified_gmt":"2023-07-28T21:16:57","slug":"products","status":"publish","type":"page","link":"https:\/\/globalcardine.com\/es\/products\/","title":{"rendered":"Products"},"content":{"rendered":"<div data-elementor-type=\"wp-page\" data-elementor-id=\"60\" class=\"elementor elementor-60\" data-elementor-post-type=\"page\">\n\t\t\t\t\t\t<section class=\"elementor-section elementor-top-section elementor-element elementor-element-123ef20 elementor-section-boxed elementor-section-height-default elementor-section-height-default\" data-id=\"123ef20\" data-element_type=\"section\" data-e-type=\"section\">\n\t\t\t\t\t\t<div class=\"elementor-container elementor-column-gap-default\">\n\t\t\t\t\t<div class=\"elementor-column elementor-col-100 elementor-top-column elementor-element elementor-element-9e38152\" data-id=\"9e38152\" data-element_type=\"column\" data-e-type=\"column\">\n\t\t\t<div class=\"elementor-widget-wrap elementor-element-populated\">\n\t\t\t\t\t\t<div class=\"elementor-element elementor-element-105c7e0 elementor-tabs-view-vertical elementor-widget elementor-widget-tabs\" data-id=\"105c7e0\" data-element_type=\"widget\" data-e-type=\"widget\" data-widget_type=\"tabs.default\">\n\t\t\t\t<div class=\"elementor-widget-container\">\n\t\t\t\t\t\t\t<div class=\"elementor-tabs\">\n\t\t\t<div class=\"elementor-tabs-wrapper\" role=\"tablist\" >\n\t\t\t\t\t\t\t\t\t<div id=\"elementor-tab-title-1711\" class=\"elementor-tab-title elementor-tab-desktop-title\" aria-selected=\"true\" data-tab=\"1\" role=\"tab\" tabindex=\"0\" aria-controls=\"elementor-tab-content-1711\" aria-expanded=\"false\">Unidad de Negocio de Acero<\/div>\n\t\t\t\t\t\t\t\t\t<div id=\"elementor-tab-title-1712\" class=\"elementor-tab-title elementor-tab-desktop-title\" aria-selected=\"false\" data-tab=\"2\" role=\"tab\" tabindex=\"-1\" aria-controls=\"elementor-tab-content-1712\" aria-expanded=\"false\">Unidad de Negocio de Tubos ERW<\/div>\n\t\t\t\t\t\t\t\t\t<div id=\"elementor-tab-title-1713\" class=\"elementor-tab-title elementor-tab-desktop-title\" aria-selected=\"false\" data-tab=\"3\" role=\"tab\" tabindex=\"-1\" aria-controls=\"elementor-tab-content-1713\" aria-expanded=\"false\">Unidad de Negocio de Energ\u00eda <\/div>\n\t\t\t\t\t\t\t\t\t<div id=\"elementor-tab-title-1714\" class=\"elementor-tab-title elementor-tab-desktop-title\" aria-selected=\"false\" data-tab=\"4\" role=\"tab\" tabindex=\"-1\" aria-controls=\"elementor-tab-content-1714\" aria-expanded=\"false\">Unidad de Negocio de Cer\u00e1mica<\/div>\n\t\t\t\t\t\t\t<\/div>\n\t\t\t<div class=\"elementor-tabs-content-wrapper\" role=\"tablist\" aria-orientation=\"vertical\">\n\t\t\t\t\t\t\t\t\t<div class=\"elementor-tab-title elementor-tab-mobile-title\" aria-selected=\"true\" data-tab=\"1\" role=\"tab\" tabindex=\"0\" aria-controls=\"elementor-tab-content-1711\" aria-expanded=\"false\">Unidad de Negocio de Acero<\/div>\n\t\t\t\t\t<div id=\"elementor-tab-content-1711\" class=\"elementor-tab-content elementor-clearfix\" data-tab=\"1\" role=\"tabpanel\" aria-labelledby=\"elementor-tab-title-1711\" tabindex=\"0\" hidden=\"false\"><h4><img fetchpriority=\"high\" decoding=\"async\" class=\"alignnone size-full wp-image-250\" src=\"https:\/\/globalcardine.com\/wp-content\/uploads\/2023\/07\/Business-Unit-Steel-Final.jpg\" alt=\"\" width=\"800\" height=\"450\" srcset=\"https:\/\/globalcardine.com\/wp-content\/uploads\/2023\/07\/Business-Unit-Steel-Final.jpg 800w, https:\/\/globalcardine.com\/wp-content\/uploads\/2023\/07\/Business-Unit-Steel-Final-300x169.jpg 300w, https:\/\/globalcardine.com\/wp-content\/uploads\/2023\/07\/Business-Unit-Steel-Final-768x432.jpg 768w\" sizes=\"(max-width: 800px) 100vw, 800px\" \/><\/h4><h4>Unidad de Negocio de Acero\u00a0<\/h4><p><strong>Acer\u00eda<\/strong><\/p><ol type=\"a\"><li>Moldes para colada continua: <a href=\"https:\/\/cunova.com\/\">https:\/\/cunova.com\/<\/a><\/li><li>Rodillos para colada continua <a href=\"https:\/\/www.corewire.com\/\">https:\/\/www.corewire.com\/<\/a><\/li><li>Polvos para colada continua<\/li><li>Ferroaleaciones y productos qu\u00edmicos<\/li><li>Materiales refractarios<\/li><li>Electrodos de grafito: <a href=\"http:\/\/www.cimmuk.com\/\">http:\/\/www.cimmuk.com\/<\/a><\/li><li>Soluciones de izaje para bobinas, paquetes de tubos, planchones y palanquillas: <a href=\"https:\/\/www.raisingroup.com\/\">https:\/\/www.raisingroup.com\/<\/a><\/li><\/ol><p><strong>Laminador en caliente y laminador en fr\u00edo<\/strong><\/p><ol><li aria-level=\"2\">Rodillos para laminaci\u00f3n en caliente: <a href=\"https:\/\/www.irlerolls.com\/en\/\">https:\/\/www.irlerolls.com\/en\/<\/a><\/li><li aria-level=\"2\">Rodillos para laminaci\u00f3n en fr\u00edo: <a href=\"https:\/\/www.steinhoff.eu\/\">https:\/\/www.steinhoff.eu\/<\/a><\/li><li aria-level=\"2\">Placas de desgaste para laminadores en caliente y plantas de sinterizaci\u00f3n: <a href=\"https:\/\/www.corts.de\/en\/wearplates\/\">https:\/\/www.corts.de\/en\/wearplates\/<\/a><\/li><li aria-level=\"2\">Reacondicionamiento de stands de laminaci\u00f3n: <a href=\"https:\/\/www.corts-engineering.com\/\">https:\/\/www.corts-engineering.com\/<\/a><\/li><li aria-level=\"2\">Equipos y repuestos: <a href=\"https:\/\/www.castellini.it\/\">https:\/\/www.castellini.it\/<\/a><\/li><li aria-level=\"2\">Rodillos de mesa de salida, rodillos de tiro, rodillos tensi\u00f3metros: <a href=\"https:\/\/www.habets.nl\/en\/steel-industry\">https:\/\/www.habets.nl\/en\/steel-industry<\/a><\/li><li aria-level=\"2\">Cajas y chumaceras de respaldo; Cajas y chumaceras para rodillos de trabajo\u00a0<\/li><li aria-level=\"2\">Soluciones de izaje para bobinas, paquetes de tubos, planchones y palanquillas: <a href=\"https:\/\/www.raisingroup.com\/\">https:\/\/www.raisingroup.com\/<\/a><\/li><\/ol><\/div>\n\t\t\t\t\t\t\t\t\t<div class=\"elementor-tab-title elementor-tab-mobile-title\" aria-selected=\"false\" data-tab=\"2\" role=\"tab\" tabindex=\"-1\" aria-controls=\"elementor-tab-content-1712\" aria-expanded=\"false\">Unidad de Negocio de Tubos ERW<\/div>\n\t\t\t\t\t<div id=\"elementor-tab-content-1712\" class=\"elementor-tab-content elementor-clearfix\" data-tab=\"2\" role=\"tabpanel\" aria-labelledby=\"elementor-tab-title-1712\" tabindex=\"0\" hidden=\"hidden\"><p><img decoding=\"async\" class=\"alignnone size-full wp-image-199\" src=\"https:\/\/globalcardine.com\/wp-content\/uploads\/2023\/07\/Business-Unit-ERW-tubes-1.jpg\" alt=\"\" width=\"800\" height=\"450\" srcset=\"https:\/\/globalcardine.com\/wp-content\/uploads\/2023\/07\/Business-Unit-ERW-tubes-1.jpg 800w, https:\/\/globalcardine.com\/wp-content\/uploads\/2023\/07\/Business-Unit-ERW-tubes-1-300x169.jpg 300w, https:\/\/globalcardine.com\/wp-content\/uploads\/2023\/07\/Business-Unit-ERW-tubes-1-768x432.jpg 768w\" sizes=\"(max-width: 800px) 100vw, 800px\" \/><\/p><h4>Unidad de Negocio de Tubos ERW<\/h4><ol><li aria-level=\"1\">L\u00edneas de corte transversal: <a href=\"https:\/\/camu.it\/\">https:\/\/camu.it\/<\/a><\/li><li aria-level=\"1\">L\u00edneas de corte longitudinal hasta 12\u201d: <a href=\"https:\/\/camu.it\/\">https:\/\/camu.it\/<\/a><\/li><li aria-level=\"1\">L\u00edneas completas de tubos con costura longitudinal ERW\u00a0<\/li><li aria-level=\"1\">L\u00edneas de corte<\/li><li aria-level=\"1\">Soluciones de embalaje para molinos de tubos<\/li><li aria-level=\"1\">Enderezadoras para tubos\u00a0<\/li><li aria-level=\"1\">Probadores hidrost\u00e1ticos para tuber\u00edas<\/li><li aria-level=\"1\">Soluciones de izaje para bobinas, paquetes de tubos, planchones y palanquillas: <a href=\"https:\/\/www.raisingroup.com\/\">https:\/\/www.raisingroup.com\/<\/a><\/li><li aria-level=\"1\">Soluciones de filtrado para l\u00edneas de tubos ERW: <a href=\"https:\/\/www.agrfiltri.com\/es\/\">https:\/\/www.agrfiltri.com\/es\/<\/a><\/li><li aria-level=\"1\">Soldadoras para l\u00edneas de tubos ERW<\/li><li aria-level=\"1\">Cuchillas circulares: <a href=\"https:\/\/eurolame-eu.com\/\">https:\/\/eurolame-eu.com\/<\/a><\/li><li aria-level=\"1\">Rodillos de molino de tubos de acero y carburo de tungsteno<\/li><\/ol><\/div>\n\t\t\t\t\t\t\t\t\t<div class=\"elementor-tab-title elementor-tab-mobile-title\" aria-selected=\"false\" data-tab=\"3\" role=\"tab\" tabindex=\"-1\" aria-controls=\"elementor-tab-content-1713\" aria-expanded=\"false\">Unidad de Negocio de Energ\u00eda <\/div>\n\t\t\t\t\t<div id=\"elementor-tab-content-1713\" class=\"elementor-tab-content elementor-clearfix\" data-tab=\"3\" role=\"tabpanel\" aria-labelledby=\"elementor-tab-title-1713\" tabindex=\"0\" hidden=\"hidden\"><h4><img decoding=\"async\" class=\"alignnone size-full wp-image-200\" src=\"https:\/\/globalcardine.com\/wp-content\/uploads\/2023\/07\/Business-Unit-Energy-tubes.jpg\" alt=\"\" width=\"820\" height=\"450\" srcset=\"https:\/\/globalcardine.com\/wp-content\/uploads\/2023\/07\/Business-Unit-Energy-tubes.jpg 820w, https:\/\/globalcardine.com\/wp-content\/uploads\/2023\/07\/Business-Unit-Energy-tubes-300x165.jpg 300w, https:\/\/globalcardine.com\/wp-content\/uploads\/2023\/07\/Business-Unit-Energy-tubes-768x421.jpg 768w\" sizes=\"(max-width: 820px) 100vw, 820px\" \/><\/h4><h4>Unidad de Negocio de Energ\u00eda<\/h4><ol><li aria-level=\"1\">Dise\u00f1o, ingenier\u00eda y fabricaci\u00f3n de torres y postes de Transmisi\u00f3n y Distribuci\u00f3n de Energ\u00eda: <a href=\"https:\/\/www.mitasindustry.com\/company-overview.php\">https:\/\/www.mitasindustry.com\/company-overview.php<\/a><\/li><li aria-level=\"1\">Aisladores de vidrio, cer\u00e1mica y polim\u00e9ricos para l\u00edneas a\u00e9reas: <a href=\"https:\/\/gig-group.com\/en\/\">https:\/\/gig-group.com\/en\/<\/a><\/li><li aria-level=\"1\">Conductores desnudos para l\u00edneas a\u00e9reas<\/li><li aria-level=\"1\">Cables de energ\u00eda LV, MV y HV para tendido subterr\u00e1neo<\/li><li aria-level=\"1\">Transformadores y reactores de alta tensi\u00f3n (HV): <a href=\"https:\/\/www.faramax.com\/?lang=es\">https:\/\/www.faramax.com\/?lang=es<\/a><\/li><\/ol><\/div>\n\t\t\t\t\t\t\t\t\t<div class=\"elementor-tab-title elementor-tab-mobile-title\" aria-selected=\"false\" data-tab=\"4\" role=\"tab\" tabindex=\"-1\" aria-controls=\"elementor-tab-content-1714\" aria-expanded=\"false\">Unidad de Negocio de Cer\u00e1mica<\/div>\n\t\t\t\t\t<div id=\"elementor-tab-content-1714\" class=\"elementor-tab-content elementor-clearfix\" data-tab=\"4\" role=\"tabpanel\" aria-labelledby=\"elementor-tab-title-1714\" tabindex=\"0\" hidden=\"hidden\"><h4><img loading=\"lazy\" decoding=\"async\" class=\"alignnone size-full wp-image-201\" src=\"https:\/\/globalcardine.com\/wp-content\/uploads\/2023\/07\/Unit-Ceramics.jpg\" alt=\"\" width=\"800\" height=\"450\" srcset=\"https:\/\/globalcardine.com\/wp-content\/uploads\/2023\/07\/Unit-Ceramics.jpg 800w, https:\/\/globalcardine.com\/wp-content\/uploads\/2023\/07\/Unit-Ceramics-300x169.jpg 300w, https:\/\/globalcardine.com\/wp-content\/uploads\/2023\/07\/Unit-Ceramics-768x432.jpg 768w\" sizes=\"(max-width: 800px) 100vw, 800px\" \/><\/h4><h4><b>Unidad de Negocio de Cer\u00e1mica<\/b><\/h4><ol><li aria-level=\"1\">Equipos para alimentaci\u00f3n, dosificaci\u00f3n, trituraci\u00f3n, mezcla, almacenamiento y conformado de arcilla roja: <a href=\"https:\/\/www.haendle.com\/\">https:\/\/www.haendle.com\/<\/a><\/li><li aria-level=\"1\">Equipos para la aglomeraci\u00f3n de finos de todo tipo: <a href=\"https:\/\/www.direxa.com\/expertise\">https:\/\/www.direxa.com\/expertise<\/a><\/li><li aria-level=\"1\">Ingenier\u00eda y an\u00e1lisis de proyectos para plantas cer\u00e1micas: <a href=\"https:\/\/www.direxa.com\/expertise\">https:\/\/www.direxa.com\/expertise<\/a><\/li><li aria-level=\"1\">Moldes para extrusi\u00f3n de arcilla roja: <a href=\"https:\/\/www.talleresmorte.com\/\">https:\/\/www.talleresmorte.com\/<\/a><\/li><li aria-level=\"1\">Sistemas de transporte innovadores: <a href=\"https:\/\/www.vhv-anlagenbau.de\/\">https:\/\/www.vhv-anlagenbau.de\/<\/a><\/li><\/ol><\/div>\n\t\t\t\t\t\t\t<\/div>\n\t\t<\/div>\n\t\t\t\t\t\t<\/div>\n\t\t\t\t<\/div>\n\t\t\t\t\t<\/div>\n\t\t<\/div>\n\t\t\t\t\t<\/div>\n\t\t<\/section>\n\t\t\t\t<section class=\"elementor-section elementor-top-section elementor-element elementor-element-24dabf3 elementor-section-boxed elementor-section-height-default elementor-section-height-default\" data-id=\"24dabf3\" data-element_type=\"section\" data-e-type=\"section\" data-settings=\"{&quot;background_background&quot;:&quot;classic&quot;}\">\n\t\t\t\t\t\t<div class=\"elementor-container elementor-column-gap-default\">\n\t\t\t\t\t<div class=\"elementor-column elementor-col-100 elementor-top-column elementor-element elementor-element-3d2c06e\" data-id=\"3d2c06e\" data-element_type=\"column\" data-e-type=\"column\">\n\t\t\t<div class=\"elementor-widget-wrap elementor-element-populated\">\n\t\t\t\t\t\t<div class=\"elementor-element elementor-element-0d2c8a2 elementor-widget elementor-widget-heading\" data-id=\"0d2c8a2\" data-element_type=\"widget\" data-e-type=\"widget\" data-widget_type=\"heading.default\">\n\t\t\t\t<div class=\"elementor-widget-container\">\n\t\t\t\t\t<h4 class=\"elementor-heading-title elementor-size-default\">\u00bfQuieres ser nuestro socio?<\/h4>\t\t\t\t<\/div>\n\t\t\t\t<\/div>\n\t\t\t\t<div class=\"elementor-element elementor-element-9b44735 elementor-widget elementor-widget-text-editor\" data-id=\"9b44735\" data-element_type=\"widget\" data-e-type=\"widget\" data-widget_type=\"text-editor.default\">\n\t\t\t\t<div class=\"elementor-widget-container\">\n\t\t\t\t\t\t\t\t\t<p class=\"translation-block\">Estamos buscando activamente oportunidades de asociaci\u00f3n y subcontrataci\u00f3n para abordar las diversas necesidades de nuestros clientes.<br>\nYa sea que tengas experiencia en calidad, innovaci\u00f3n o conocimiento especializado, te invitamos a unirte a nosotros en un marco contractual para crear valor e impulsar el \u00e9xito.<\/p>\t\t\t\t\t\t\t\t<\/div>\n\t\t\t\t<\/div>\n\t\t\t\t<div class=\"elementor-element elementor-element-6c703ff elementor-widget elementor-widget-button\" data-id=\"6c703ff\" data-element_type=\"widget\" data-e-type=\"widget\" data-widget_type=\"button.default\">\n\t\t\t\t<div class=\"elementor-widget-container\">\n\t\t\t\t\t\t\t\t\t<div class=\"elementor-button-wrapper\">\n\t\t\t\t\t<a class=\"elementor-button elementor-button-link elementor-size-sm\" href=\"https:\/\/globalcardine.com\/es\/join-us\/\">\n\t\t\t\t\t\t<span class=\"elementor-button-content-wrapper\">\n\t\t\t\t\t\t\t\t\t<span class=\"elementor-button-text\">\u00danete a nosotros<\/span>\n\t\t\t\t\t<\/span>\n\t\t\t\t\t<\/a>\n\t\t\t\t<\/div>\n\t\t\t\t\t\t\t\t<\/div>\n\t\t\t\t<\/div>\n\t\t\t\t\t<\/div>\n\t\t<\/div>\n\t\t\t\t\t<\/div>\n\t\t<\/section>\n\t\t\t\t<\/div>","protected":false},"excerpt":{"rendered":"<p>Steel Business Unit ERW tubes Business Unit Energy Business Unit Ceramics Business Unit Steel Business Unit Steel Business Unit\u00a0 Caster Shop Moulds for continuos casters: https:\/\/cunova.com\/ Caster Rolls: https:\/\/www.corewire.com\/ Casting powders Ferro-alloys and chemicals Refractories Graphite electrodes: http:\/\/www.cimmuk.com\/ Lifting solutions for coils, tube bundles, slabs and billets: https:\/\/www.raisingroup.com\/ Hot Strip Mill and Cold Mill Rolls [&hellip;]<\/p>\n","protected":false},"author":1,"featured_media":0,"parent":0,"menu_order":0,"comment_status":"closed","ping_status":"closed","template":"","meta":{"site-sidebar-layout":"no-sidebar","site-content-layout":"page-builder","ast-site-content-layout":"default","site-content-style":"default","site-sidebar-style":"default","ast-global-header-display":"","ast-banner-title-visibility":"","ast-main-header-display":"","ast-hfb-above-header-display":"","ast-hfb-below-header-display":"","ast-hfb-mobile-header-display":"","site-post-title":"disabled","ast-breadcrumbs-content":"","ast-featured-img":"disabled","footer-sml-layout":"","ast-disable-related-posts":"","theme-transparent-header-meta":"","adv-header-id-meta":"","stick-header-meta":"","header-above-stick-meta":"","header-main-stick-meta":"","header-below-stick-meta":"","astra-migrate-meta-layouts":"default","ast-page-background-enabled":"default","ast-page-background-meta":{"desktop":{"background-color":"var(--ast-global-color-4)","background-image":"","background-repeat":"repeat","background-position":"center center","background-size":"auto","background-attachment":"scroll","background-type":"","background-media":"","overlay-type":"","overlay-color":"","overlay-opacity":"","overlay-gradient":""},"tablet":{"background-color":"","background-image":"","background-repeat":"repeat","background-position":"center center","background-size":"auto","background-attachment":"scroll","background-type":"","background-media":"","overlay-type":"","overlay-color":"","overlay-opacity":"","overlay-gradient":""},"mobile":{"background-color":"","background-image":"","background-repeat":"repeat","background-position":"center center","background-size":"auto","background-attachment":"scroll","background-type":"","background-media":"","overlay-type":"","overlay-color":"","overlay-opacity":"","overlay-gradient":""}},"ast-content-background-meta":{"desktop":{"background-color":"var(--ast-global-color-5)","background-image":"","background-repeat":"repeat","background-position":"center center","background-size":"auto","background-attachment":"scroll","background-type":"","background-media":"","overlay-type":"","overlay-color":"","overlay-opacity":"","overlay-gradient":""},"tablet":{"background-color":"var(--ast-global-color-5)","background-image":"","background-repeat":"repeat","background-position":"center center","background-size":"auto","background-attachment":"scroll","background-type":"","background-media":"","overlay-type":"","overlay-color":"","overlay-opacity":"","overlay-gradient":""},"mobile":{"background-color":"var(--ast-global-color-5)","background-image":"","background-repeat":"repeat","background-position":"center center","background-size":"auto","background-attachment":"scroll","background-type":"","background-media":"","overlay-type":"","overlay-color":"","overlay-opacity":"","overlay-gradient":""}},"footnotes":""},"class_list":["post-60","page","type-page","status-publish","hentry"],"_links":{"self":[{"href":"https:\/\/globalcardine.com\/es\/wp-json\/wp\/v2\/pages\/60","targetHints":{"allow":["GET"]}}],"collection":[{"href":"https:\/\/globalcardine.com\/es\/wp-json\/wp\/v2\/pages"}],"about":[{"href":"https:\/\/globalcardine.com\/es\/wp-json\/wp\/v2\/types\/page"}],"author":[{"embeddable":true,"href":"https:\/\/globalcardine.com\/es\/wp-json\/wp\/v2\/users\/1"}],"replies":[{"embeddable":true,"href":"https:\/\/globalcardine.com\/es\/wp-json\/wp\/v2\/comments?post=60"}],"version-history":[{"count":0,"href":"https:\/\/globalcardine.com\/es\/wp-json\/wp\/v2\/pages\/60\/revisions"}],"wp:attachment":[{"href":"https:\/\/globalcardine.com\/es\/wp-json\/wp\/v2\/media?parent=60"}],"curies":[{"name":"wp","href":"https:\/\/api.w.org\/{rel}","templated":true}]}}